{"id":13,"date":"2025-09-11T20:36:38","date_gmt":"2025-09-11T18:36:38","guid":{"rendered":"https:\/\/youngferencja.pl\/?page_id=13"},"modified":"2025-09-11T20:43:36","modified_gmt":"2025-09-11T18:43:36","slug":"13-2","status":"publish","type":"page","link":"https:\/\/youngferencja.pl\/","title":{"rendered":""},"content":{"rendered":"\n<div class=\"wp-block-cover alignfull has-accent-1-color has-text-color has-link-color wp-elements-d274fe907819dd9a2ea7a45ffaf331db\" style=\"margin-top:0;margin-bottom:0;padding-top:200px;padding-right:var(--wp--preset--spacing--50);padding-bottom:200px;padding-left:var(--wp--preset--spacing--50);min-height:100vh;aspect-ratio:unset;\"><img decoding=\"async\" class=\"wp-block-cover__image-background\" alt=\"Zdj\u0119cie przedstawiaj\u0105ce pole pe\u0142ne kwiat\u00f3w, b\u0142\u0119kitne niebo i drzewo.\" src=\"https:\/\/youngferencja.pl\/wp-content\/themes\/twentytwentyfive\/assets\/images\/coming-soon-bg-image.webp\" data-object-fit=\"cover\"\/><span aria-hidden=\"true\" class=\"wp-block-cover__background has-background-dim-10 has-background-dim\"><\/span><div class=\"wp-block-cover__inner-container has-global-padding is-layout-constrained wp-container-core-cover-is-layout-d47c59a2 wp-block-cover-is-layout-constrained\">\n<div class=\"wp-block-group is-vertical is-content-justification-center is-layout-flex wp-container-core-group-is-layout-ce155fab wp-block-group-is-layout-flex\">\n<h2 class=\"wp-block-heading has-text-align-center is-style-text-annotation is-style-text-annotation--1\">Wydarzenie<\/h2>\n<\/div>\n\n\n\n<h3 class=\"wp-block-heading has-text-align-center has-xx-large-font-size\"><strong>Powstaje Youngferencja \u2013 wydarzenie dla m\u0142odych, przez m\u0142odych.<\/strong><\/h3>\n\n\n\n<p>To dopiero pocz\u0105tek, ale ju\u017c teraz mo\u017cemy zdradzi\u0107, \u017ce Youngferencja b\u0119dzie wyj\u0105tkow\u0105 przestrzeni\u0105 spotkania m\u0142odzie\u017cy, w kt\u00f3rej liczy si\u0119 g\u0142os m\u0142odych ludzi. Chcemy, aby to wydarzenie by\u0142o okazj\u0105 do wymiany pomys\u0142\u00f3w, prezentacji inspiruj\u0105cych inicjatyw i rozm\u00f3w o tym, co naprawd\u0119 wa\u017cne dla m\u0142odego pokolenia.<\/p>\n\n\n\n<p>Przygotowujemy miejsce, gdzie ka\u017cdy b\u0119dzie m\u00f3g\u0142 wnie\u015b\u0107 co\u015b od siebie \u2013 wiedz\u0119, do\u015bwiadczenie, energi\u0119 i \u015bwie\u017ce spojrzenie.<\/p>\n\n\n\n<p>Youngferencja jest organizowana przez <strong>Starostwo Powiatowe w Tucholi<\/strong>.<\/p>\n\n\n\n<p>Szczeg\u00f3\u0142y ju\u017c wkr\u00f3tce \u2013 zagl\u0105daj tutaj i b\u0105d\u017a cz\u0119\u015bci\u0105 tego, co w\u0142a\u015bnie si\u0119 zaczyna.<\/p>\n<\/div><\/div>\n","protected":false},"excerpt":{"rendered":"","protected":false},"author":1,"featured_media":0,"parent":0,"menu_order":0,"comment_status":"closed","ping_status":"closed","template":"","meta":{"footnotes":""},"class_list":["post-13","page","type-page","status-publish","hentry"],"_links":{"self":[{"href":"https:\/\/youngferencja.pl\/index.php?rest_route=\/wp\/v2\/pages\/13","targetHints":{"allow":["GET"]}}],"collection":[{"href":"https:\/\/youngferencja.pl\/index.php?rest_route=\/wp\/v2\/pages"}],"about":[{"href":"https:\/\/youngferencja.pl\/index.php?rest_route=\/wp\/v2\/types\/page"}],"author":[{"embeddable":true,"href":"https:\/\/youngferencja.pl\/index.php?rest_route=\/wp\/v2\/users\/1"}],"replies":[{"embeddable":true,"href":"https:\/\/youngferencja.pl\/index.php?rest_route=%2Fwp%2Fv2%2Fcomments&post=13"}],"version-history":[{"count":4,"href":"https:\/\/youngferencja.pl\/index.php?rest_route=\/wp\/v2\/pages\/13\/revisions"}],"predecessor-version":[{"id":18,"href":"https:\/\/youngferencja.pl\/index.php?rest_route=\/wp\/v2\/pages\/13\/revisions\/18"}],"wp:attachment":[{"href":"https:\/\/youngferencja.pl\/index.php?rest_route=%2Fwp%2Fv2%2Fmedia&parent=13"}],"curies":[{"name":"wp","href":"https:\/\/api.w.org\/{rel}","templated":true}]}}